{"id":38,"date":"2021-01-14T10:35:22","date_gmt":"2021-01-14T09:35:22","guid":{"rendered":"http:\/\/kamenictvibenes.cz\/?page_id=38"},"modified":"2021-02-03T10:49:48","modified_gmt":"2021-02-03T09:49:48","slug":"uvod","status":"publish","type":"page","link":"https:\/\/kamenictvibenes.cz\/","title":{"rendered":""},"content":{"rendered":"\n<div class=\"wp-block-cover alignfull\" style=\"background-image:url(http:\/\/kamenictvibenes.cz\/wp-content\/uploads\/2021\/02\/uvodni-kvalitnejsi.png);min-height:723px;background-position:33% 27%\"><div class=\"wp-block-cover__inner-container\">\n<p class=\"has-text-align-center has-large-font-size\"><\/p>\n<\/div><\/div>\n","protected":false},"excerpt":{"rendered":"","protected":false},"author":1,"featured_media":0,"parent":0,"menu_order":0,"comment_status":"closed","ping_status":"closed","template":"page-templates\/template-pagebuilder-full-width.php","meta":{"neve_meta_sidebar":"full-width","neve_meta_container":"contained","neve_meta_enable_content_width":"off","neve_meta_content_width":100,"neve_meta_title_alignment":"","neve_meta_author_avatar":"","neve_post_elements_order":"","neve_meta_disable_header":"off","neve_meta_disable_footer":"on","neve_meta_disable_title":"on"},"yoast_head":"<!-- This site is optimized with the Yoast SEO plugin v15.7 - https:\/\/yoast.com\/wordpress\/plugins\/seo\/ -->\n<title>| Kamenictv\u00ed Bene\u0161<\/title>\n<meta name=\"description\" content=\"Jsme rodinn\u00e1 firma z Trutnova. Zab\u00fdv\u00e1me se kamenictv\u00edm, restaurov\u00e1n\u00edm, pozlacov\u00e1n\u00edm a prodejem pomn\u00edk\u016f. Dlouhodob\u011b spolupracujeme s restaur\u00e1tory a ov\u011b\u0159en\u00fdmi \u0159emesln\u00edky.\" \/>\n<meta name=\"robots\" content=\"index, follow, max-snippet:-1, max-image-preview:large, max-video-preview:-1\" \/>\n<link rel=\"canonical\" href=\"http:\/\/kamenictvibenes.cz\/\" \/>\n<meta property=\"og:locale\" content=\"cs_CZ\" \/>\n<meta property=\"og:type\" content=\"article\" \/>\n<meta property=\"og:title\" content=\"| Kamenictv\u00ed Bene\u0161\" \/>\n<meta property=\"og:description\" content=\"Jsme rodinn\u00e1 firma z Trutnova. Zab\u00fdv\u00e1me se kamenictv\u00edm, restaurov\u00e1n\u00edm, pozlacov\u00e1n\u00edm a prodejem pomn\u00edk\u016f. Dlouhodob\u011b spolupracujeme s restaur\u00e1tory a ov\u011b\u0159en\u00fdmi \u0159emesln\u00edky.\" \/>\n<meta property=\"og:url\" content=\"http:\/\/kamenictvibenes.cz\/\" \/>\n<meta property=\"og:site_name\" content=\"Kamenictv\u00ed Bene\u0161\" \/>\n<meta property=\"article:modified_time\" content=\"2021-02-03T09:49:48+00:00\" \/>\n<meta name=\"twitter:card\" content=\"summary_large_image\" \/>\n<script type=\"application\/ld+json\" class=\"yoast-schema-graph\">{\"@context\":\"https:\/\/schema.org\",\"@graph\":[{\"@type\":\"WebSite\",\"@id\":\"http:\/\/kamenictvibenes.cz\/#website\",\"url\":\"http:\/\/kamenictvibenes.cz\/\",\"name\":\"Kamenictv\\u00ed Bene\\u0161\",\"description\":\"Jsme rodinn\\u00e1 firma. V oboru pracujeme od 80-t\\u00fdch let. Zab\\u00fdv\\u00e1me se restaurov\\u00e1n\\u00edm pam\\u00e1tek, kamenickou v\\u00fdrobou a pozlacov\\u00e1n\\u00edm. Dlouhodob\\u011b spolupracujeme s restaur\\u00e1tory a ov\\u011b\\u0159en\\u00fdmi \\u0159emesln\\u00edky.\",\"potentialAction\":[{\"@type\":\"SearchAction\",\"target\":\"http:\/\/kamenictvibenes.cz\/?s={search_term_string}\",\"query-input\":\"required name=search_term_string\"}],\"inLanguage\":\"cs\"},{\"@type\":\"WebPage\",\"@id\":\"http:\/\/kamenictvibenes.cz\/#webpage\",\"url\":\"http:\/\/kamenictvibenes.cz\/\",\"name\":\"| Kamenictv\\u00ed Bene\\u0161\",\"isPartOf\":{\"@id\":\"http:\/\/kamenictvibenes.cz\/#website\"},\"datePublished\":\"2021-01-14T09:35:22+00:00\",\"dateModified\":\"2021-02-03T09:49:48+00:00\",\"description\":\"Jsme rodinn\\u00e1 firma z Trutnova. Zab\\u00fdv\\u00e1me se kamenictv\\u00edm, restaurov\\u00e1n\\u00edm, pozlacov\\u00e1n\\u00edm a prodejem pomn\\u00edk\\u016f. Dlouhodob\\u011b spolupracujeme s restaur\\u00e1tory a ov\\u011b\\u0159en\\u00fdmi \\u0159emesln\\u00edky.\",\"inLanguage\":\"cs\",\"potentialAction\":[{\"@type\":\"ReadAction\",\"target\":[\"http:\/\/kamenictvibenes.cz\/\"]}]}]}<\/script>\n<!-- \/ Yoast SEO plugin. -->","_links":{"self":[{"href":"https:\/\/kamenictvibenes.cz\/index.php?rest_route=\/wp\/v2\/pages\/38"}],"collection":[{"href":"https:\/\/kamenictvibenes.cz\/index.php?rest_route=\/wp\/v2\/pages"}],"about":[{"href":"https:\/\/kamenictvibenes.cz\/index.php?rest_route=\/wp\/v2\/types\/page"}],"author":[{"embeddable":true,"href":"https:\/\/kamenictvibenes.cz\/index.php?rest_route=\/wp\/v2\/users\/1"}],"replies":[{"embeddable":true,"href":"https:\/\/kamenictvibenes.cz\/index.php?rest_route=%2Fwp%2Fv2%2Fcomments&post=38"}],"version-history":[{"count":31,"href":"https:\/\/kamenictvibenes.cz\/index.php?rest_route=\/wp\/v2\/pages\/38\/revisions"}],"predecessor-version":[{"id":289,"href":"https:\/\/kamenictvibenes.cz\/index.php?rest_route=\/wp\/v2\/pages\/38\/revisions\/289"}],"wp:attachment":[{"href":"https:\/\/kamenictvibenes.cz\/index.php?rest_route=%2Fwp%2Fv2%2Fmedia&parent=38"}],"curies":[{"name":"wp","href":"https:\/\/api.w.org\/{rel}","templated":true}]}}